{"id":388,"date":"2020-11-23T11:48:28","date_gmt":"2020-11-23T10:48:28","guid":{"rendered":"http:\/\/web2020.pospiech-usa.com\/?page_id=388"},"modified":"2024-06-20T08:51:37","modified_gmt":"2024-06-20T06:51:37","slug":"impressum","status":"publish","type":"page","link":"https:\/\/pospiech-usa.com\/de\/impressum\/","title":{"rendered":"Impressum"},"content":{"rendered":"<h1>Impressum<\/h1>\n<h3>Angaben gem\u00e4\u00df \u00a7 5 DDG<\/h3>\n<p>Martin Pospiech<br \/>\nCentral Park Blvd., Suite 200<br \/>\nVA 22401 Fredericksburg, USA<\/p>\n<h3>Kontakt<\/h3>\n<p>Telefon: +1 540-736-3057<br \/>\nTelefax: +1 540-736-3057<br \/>\nE-Mail: storefitting@pospiech-usa.com<\/p>\n<h3>Verbraucher\u00adstreit\u00adbeilegung\/Universal\u00adschlichtungs\u00adstelle<\/h3>\n<p>Wir sind nicht bereit oder verpflichtet, an Streitbeilegungsverfahren vor einer Verbraucherschlichtungsstelle teilzunehmen.<\/p>\n<h4>Haftung f\u00fcr Inhalte<\/h4>\n<p>Als Diensteanbieter sind wir gem\u00e4\u00df \u00a7 7 Abs.1 DDG f\u00fcr eigene Inhalte auf diesen Seiten nach den allgemeinen Gesetzen verantwortlich. Nach \u00a7\u00a7 8 bis 10 DDG sind wir als Diensteanbieter jedoch nicht verpflichtet, \u00fcbermittelte oder gespeicherte fremde Informationen zu \u00fcberwachen oder nach Umst\u00e4nden zu forschen, die auf eine rechtswidrige T\u00e4tigkeit hinweisen.<\/p>\n<p>Verpflichtungen zur Entfernung oder Sperrung der Nutzung von Informationen nach den allgemeinen Gesetzen bleiben hiervon unber\u00fchrt. Eine diesbez\u00fcgliche Haftung ist jedoch erst ab dem Zeitpunkt der Kenntnis einer konkreten Rechtsverletzung m\u00f6glich. Bei Bekanntwerden von entsprechenden Rechtsverletzungen werden wir diese Inhalte umgehend entfernen.<\/p>\n<h4>Haftung f\u00fcr Links<\/h4>\n<p>Unser Angebot enth\u00e4lt Links zu externen Websites Dritter, auf deren Inhalte wir keinen Einfluss haben. Deshalb k\u00f6nnen wir f\u00fcr diese fremden Inhalte auch keine Gew\u00e4hr \u00fcbernehmen. F\u00fcr die Inhalte der verlinkten Seiten ist stets der jeweilige Anbieter oder Betreiber der Seiten verantwortlich. Die verlinkten Seiten wurden zum Zeitpunkt der Verlinkung auf m\u00f6gliche Rechtsverst\u00f6\u00dfe \u00fcberpr\u00fcft. Rechtswidrige Inhalte waren zum Zeitpunkt der Verlinkung nicht erkennbar.<\/p>\n<p>Eine permanente inhaltliche Kontrolle der verlinkten Seiten ist jedoch ohne konkrete Anhaltspunkte einer Rechtsverletzung nicht zumutbar. Bei Bekanntwerden von Rechtsverletzungen werden wir derartige Links umgehend entfernen.<\/p>\n<h4>Urheberrecht<\/h4>\n<p>Die durch die Seitenbetreiber erstellten Inhalte und Werke auf diesen Seiten unterliegen dem deutschen Urheberrecht. Die Vervielf\u00e4ltigung, Bearbeitung, Verbreitung und jede Art der Verwertung au\u00dferhalb der Grenzen des Urheberrechtes bed\u00fcrfen der schriftlichen Zustimmung des jeweiligen Autors bzw. Erstellers. Downloads und Kopien dieser Seite sind nur f\u00fcr den privaten, nicht kommerziellen Gebrauch gestattet.<\/p>\n<p>Soweit die Inhalte auf dieser Seite nicht vom Betreiber erstellt wurden, werden die Urheberrechte Dritter beachtet. Insbesondere werden Inhalte Dritter als solche gekennzeichnet. Sollten Sie trotzdem auf eine Urheberrechtsverletzung aufmerksam werden, bitten wir um einen entsprechenden Hinweis. Bei Bekanntwerden von Rechtsverletzungen werden wir derartige Inhalte umgehend entfernen.<\/p>\n<h1>Allgemeine Nutzungsbedingungen<\/h1>\n<p>Zuletzt aktualisiert: 18. November 2020<br \/>\nBitte lesen Sie diese Nutzungsbedingungen sorgf\u00e4ltig durch, bevor Sie unseren Service nutzen.<\/p>\n<h3>1. Interpretation und Definitionen<\/h3>\n<p><strong>Interpretation<\/strong><\/p>\n<p>Die gro\u00dfgeschriebenen W\u00f6rter haben die unter den folgenden Bedingungen definierten Bedeutungen. Die folgenden Definitionen haben dieselbe Bedeutung, unabh\u00e4ngig davon, ob sie im Singular oder im Plural erscheinen.<\/p>\n<p><strong>Definitionen<\/strong><\/p>\n<p>In Bezug auf diese Nutzungsbedingungen:<\/p>\n<ul>\n<li><strong>Verbundenes Unternehmen<\/strong> bedeutet ein Unternehmen, das eine Entit\u00e4t kontrolliert, von ihr kontrolliert wird oder unter gemeinsamer Kontrolle mit ihr steht, wobei &#8222;Kontrolle&#8220; den Besitz von 50 % oder mehr der Aktien, Anteile oder anderer Wertpapiere bedeutet, die zur Wahl von Direktoren oder anderen leitenden Funktionen berechtigen.<\/li>\n<li><strong>Land<\/strong> bezieht sich auf: Virginia, Vereinigte Staaten<\/li>\n<li><strong>Unternehmen<\/strong> (in diesem Vertrag entweder als &#8222;das Unternehmen&#8220;, &#8222;wir&#8220;, &#8222;uns&#8220; oder &#8222;unser&#8220; bezeichnet) bezieht sich auf Pospiech USA Inc, 1320 Central Park Blvd., Suite 200 Fredericksburg, VA 22401.<\/li>\n<li><strong>Ger\u00e4t<\/strong> bezeichnet jedes Ger\u00e4t, das auf den Dienst zugreifen kann, wie z. B. ein Computer, ein Mobiltelefon oder ein digitales Tablet.<\/li>\n<li><strong>Dienst<\/strong> bezieht sich auf die Website.<\/li>\n<li><strong>Bedingungen<\/strong> bezeichnen diese Bedingungen, die die gesamte Vereinbarung zwischen Ihnen und dem Unternehmen bez\u00fcglich der Nutzung des Dienstes bilden. Diese AGB-Vereinbarung wurde mit Hilfe des AGB-Generators erstellt.<\/li>\n<li><strong>Social-Media-Dienst eines Dritten<\/strong> bezeichnet alle Dienste oder Inhalte (einschlie\u00dflich Daten, Informationen, Produkte oder Dienstleistungen), die von einem Dritten bereitgestellt werden und die durch den Dienst angezeigt, einbezogen oder verf\u00fcgbar gemacht werden k\u00f6nnen.<\/li>\n<li><strong>Website<\/strong> bezieht sich auf Pospiech USA, zug\u00e4nglich \u00fcber http:\/\/pospiech-usa.com<\/li>\n<li><strong>Sie<\/strong> bezeichnet die Person, die auf den Dienst zugreift oder ihn nutzt, oder das Unternehmen oder eine andere juristische Person, in deren Namen eine solche Person auf den Dienst zugreift oder ihn nutzt, je nachdem.<\/li>\n<\/ul>\n<h4>Best\u00e4tigung<\/h4>\n<p>Dies sind die Allgemeinen Gesch\u00e4ftsbedingungen, die die Nutzung dieses Dienstes regeln, und die Vereinbarung, die zwischen Ihnen und dem Unternehmen besteht. Diese Allgemeinen Gesch\u00e4ftsbedingungen legen die Rechte und Pflichten aller Benutzer in Bezug auf die Nutzung des Dienstes fest.<\/p>\n<p>Ihr Zugang zu und Ihre Nutzung des Dienstes setzt voraus, dass Sie diese Bedingungen akzeptieren und einhalten. Diese Allgemeinen Gesch\u00e4ftsbedingungen gelten f\u00fcr alle Besucher, Benutzer und andere, die auf den Dienst zugreifen oder ihn nutzen.<\/p>\n<p>Indem Sie auf den Dienst zugreifen oder ihn nutzen, stimmen Sie zu, an diese Bedingungen gebunden zu sein. Wenn Sie mit irgendeinem Teil dieser Bedingungen nicht einverstanden sind, d\u00fcrfen Sie nicht auf den Dienst zugreifen.<\/p>\n<p>Sie versichern, dass Sie \u00fcber 18 Jahre alt sind. Das Unternehmen gestattet Personen unter 18 Jahren nicht die Nutzung des Dienstes.<\/p>\n<p>Ihr Zugang zu und Ihre Nutzung des Dienstes ist au\u00dferdem davon abh\u00e4ngig, dass Sie die Datenschutzrichtlinie des Unternehmens akzeptieren und einhalten. Unsere Datenschutzrichtlinie beschreibt unsere Richtlinien und Verfahren zur Erfassung, Verwendung und Offenlegung Ihrer pers\u00f6nlichen Daten, wenn Sie die Anwendung oder die Website nutzen, und informiert Sie \u00fcber Ihre Datenschutzrechte und wie das Gesetz Sie sch\u00fctzt. Bitte lesen Sie unsere Datenschutzrichtlinie sorgf\u00e4ltig durch, bevor Sie unseren Service nutzen.<\/p>\n<h4>Links zu anderen Websites<\/h4>\n<p>Unser Dienst kann Links zu Websites oder Diensten Dritter enthalten, die nicht dem Unternehmen geh\u00f6ren oder von ihm kontrolliert werden.<\/p>\n<p>Das Unternehmen hat keine Kontrolle dar\u00fcber und \u00fcbernimmt keine Verantwortung f\u00fcr den Inhalt, die Datenschutzrichtlinien oder die Praktiken von Websites oder Diensten Dritter. Sie erkennen ferner an und erkl\u00e4ren sich damit einverstanden, dass das Unternehmen weder direkt noch indirekt f\u00fcr Sch\u00e4den oder Verluste verantwortlich oder haftbar ist, die durch oder in Verbindung mit der Nutzung von oder dem Vertrauen auf solche Inhalte, Waren oder Dienste, die auf oder \u00fcber solche Websites oder Dienste verf\u00fcgbar sind, verursacht wurden oder angeblich verursacht wurden.<\/p>\n<p>Wir raten Ihnen dringend, die Gesch\u00e4ftsbedingungen und Datenschutzrichtlinien von Websites oder Diensten Dritter, die Sie besuchen, zu lesen.<\/p>\n<h4>Beendigung<\/h4>\n<p>Wir sind berechtigt, Ihren Zugang sofort und ohne vorherige Ank\u00fcndigung oder Haftung aus jeglichem Grund zu beenden oder auszusetzen, vor allem und ohne Einschr\u00e4nkung, wenn Sie gegen diese Bedingungen und Konditionen versto\u00dfen.<br \/>\nMit der Beendigung erlischt Ihr Recht zur Nutzung des Dienstes mit sofortiger Wirkung.<\/p>\n<h4>Begrenzung der Haftung<\/h4>\n<p>Ungeachtet etwaiger Sch\u00e4den, die Ihnen entstehen k\u00f6nnten, ist die gesamte Haftung des Unternehmens und seiner Zulieferer gem\u00e4\u00df den Bestimmungen dieser Bedingungen und Ihr ausschlie\u00dflicher Rechtsbehelf auf den Betrag beschr\u00e4nkt, den Sie tats\u00e4chlich \u00fcber den Dienst bezahlt haben, oder auf 100 USD, wenn Sie nichts \u00fcber den Dienst gekauft haben.<\/p>\n<p>Soweit dies nach geltendem Recht zul\u00e4ssig ist, haften das Unternehmen oder seine Lieferanten in keinem Fall f\u00fcr besondere, zuf\u00e4llige, indirekte oder Folgesch\u00e4den (einschlie\u00dflich, aber nicht beschr\u00e4nkt auf Sch\u00e4den durch entgangenen Gewinn, Verlust von Daten oder anderen Informationen, f\u00fcr Gesch\u00e4ftsunterbrechungen, f\u00fcr Personensch\u00e4den, Verlust der Privatsph\u00e4re, die sich aus der Nutzung oder der Unm\u00f6glichkeit der Nutzung des Dienstes, der mit dem Dienst verwendeten Software und\/oder Hardware von Dritten oder in sonstiger Weise in Verbindung mit einer Bestimmung dieser Bedingungen ergeben), selbst wenn das Unternehmen oder ein Lieferant auf die M\u00f6glichkeit solcher Sch\u00e4den hingewiesen wurde und selbst wenn die Abhilfe ihren wesentlichen Zweck verfehlt.<\/p>\n<p>In einigen Staaten ist der Ausschluss stillschweigender Garantien oder die Beschr\u00e4nkung der Haftung f\u00fcr beil\u00e4ufig entstandene Sch\u00e4den oder Folgesch\u00e4den nicht zul\u00e4ssig, was bedeutet, dass einige der oben genannten Beschr\u00e4nkungen m\u00f6glicherweise nicht gelten. In diesen Staaten ist die Haftung jeder Partei auf den gr\u00f6\u00dftm\u00f6glichen gesetzlich zul\u00e4ssigen Umfang beschr\u00e4nkt.<\/p>\n<h4>Verf\u00fcgbarkeit Haftungsausschluss<\/h4>\n<p>Der Dienst wird Ihnen je nach Verf\u00fcgbarkeit und mit allen Fehlern und M\u00e4ngeln ohne jegliche Garantie zur Verf\u00fcgung gestellt. Im gr\u00f6\u00dftm\u00f6glichen nach geltendem Recht zul\u00e4ssigen Umfang lehnt das Unternehmen in seinem eigenen Namen und im Namen seiner verbundenen Unternehmen und seiner und deren jeweiligen Lizenzgebern und Dienstleistern alle ausdr\u00fccklichen, stillschweigenden, gesetzlichen oder sonstigen Gew\u00e4hrleistungen in Bezug auf den Dienst ab, einschlie\u00dflich aller stillschweigenden Gew\u00e4hrleistungen der Marktg\u00e4ngigkeit, der Eignung f\u00fcr einen bestimmten Zweck, des Eigentumsrechts und der Nichtverletzung von Rechten Dritter sowie Gew\u00e4hrleistungen, die sich aus dem Gesch\u00e4ftsverlauf, der Leistung, der Nutzung oder der Handelspraxis ergeben k\u00f6nnen. Ohne Einschr\u00e4nkung des Vorstehenden \u00fcbernimmt das Unternehmen keine Garantie oder Verpflichtung und gibt keinerlei Zusicherungen ab, dass der Dienst Ihren Anforderungen entspricht, die beabsichtigten Ergebnisse erzielt, mit anderer Software, Anwendungen, Systemen oder Diensten kompatibel ist oder zusammenarbeitet, ohne Unterbrechung funktioniert, Leistungs- oder Zuverl\u00e4ssigkeitsstandards erf\u00fcllt oder fehlerfrei ist oder dass etwaige Fehler oder Defekte behoben werden k\u00f6nnen oder werden.<\/p>\n<p>Ohne das Vorstehende einzuschr\u00e4nken, gibt weder das Unternehmen noch einer der Anbieter des Unternehmens eine ausdr\u00fcckliche oder stillschweigende Zusicherung oder Gew\u00e4hrleistung jeglicher Art: (i) in Bezug auf den Betrieb oder die Verf\u00fcgbarkeit des Dienstes oder der darin enthaltenen Informationen, Inhalte und Materialien oder Produkte; (ii) dass der Dienst ununterbrochen oder fehlerfrei funktioniert; (iii) in Bezug auf die Genauigkeit, Zuverl\u00e4ssigkeit oder Aktualit\u00e4t von Informationen oder Inhalten, die \u00fcber den Dienst bereitgestellt werden; oder (iv) dass der Dienst, seine Server, die Inhalte oder E-Mails, die von oder im Namen des Unternehmens gesendet werden, frei von Viren, Skripten, Trojanern, W\u00fcrmern, Malware, Zeitbomben oder anderen sch\u00e4dlichen Komponenten sind.<\/p>\n<p>Einige Gerichtsbarkeiten lassen den Ausschluss bestimmter Arten von Garantien oder Einschr\u00e4nkungen der anwendbaren gesetzlichen Rechte eines Verbrauchers nicht zu, sodass einige oder alle der oben genannten Ausschl\u00fcsse und Einschr\u00e4nkungen m\u00f6glicherweise nicht auf Sie zutreffen. In einem solchen Fall werden die in diesem Abschnitt dargelegten Ausschl\u00fcsse und Beschr\u00e4nkungen jedoch im gr\u00f6\u00dftm\u00f6glichen Umfang angewendet, der nach geltendem Recht durchsetzbar ist.<\/p>\n<p><strong>Geltendes Recht<\/strong><\/p>\n<p>F\u00fcr diese Bedingungen und Ihre Nutzung des Dienstes gilt das Recht des jeweiligen Landes unter Ausschluss der Kollisionsnormen. Ihre Nutzung der Anwendung kann auch anderen lokalen, bundesstaatlichen, nationalen oder internationalen Gesetzen unterworfen sein.<\/p>\n<p><strong>Beilegung von Streitigkeiten<\/strong><\/p>\n<p>Wenn Sie Bedenken oder Beschwerden bez\u00fcglich des Dienstes haben, erkl\u00e4ren Sie sich damit einverstanden, zun\u00e4chst zu versuchen, die Beschwerden informell zu l\u00f6sen, indem Sie das Unternehmen kontaktieren.<\/p>\n<p><strong>F\u00fcr Benutzer aus der Europ\u00e4ischen Union (EU)<\/strong><\/p>\n<p>Wenn Sie ein Verbraucher aus der Europ\u00e4ischen Union sind, gelten f\u00fcr Sie alle zwingenden Bestimmungen des Rechts des Landes, in dem Sie Ihren Wohnsitz haben.<\/p>\n<p><strong>Einhaltung der Gesetze der Vereinigten Staaten<\/strong><\/p>\n<p>Sie sichern zu und gew\u00e4hrleisten, dass (i) Sie sich nicht in einem Land befinden, gegen das die Regierung der Vereinigten Staaten ein Embargo verh\u00e4ngt hat oder das von der Regierung der Vereinigten Staaten als ein Land, das &#8222;Terroristen unterst\u00fctzt&#8220;, bezeichnet wurde, und (ii) Sie nicht auf einer Liste der Regierung der Vereinigten Staaten von Amerika mit verbotenen oder eingeschr\u00e4nkten Parteien aufgef\u00fchrt sind.<\/p>\n<h3>1. Salvatorische Klausel und Verzicht<\/h3>\n<p><strong>Trennbarkeit<\/strong><\/p>\n<p>Sollte eine Bestimmung dieser Bedingungen f\u00fcr nicht durchsetzbar oder ung\u00fcltig befunden werden, wird diese Bestimmung so ge\u00e4ndert und ausgelegt, dass die Ziele dieser Bestimmung so weit wie m\u00f6glich unter dem anwendbaren Recht erreicht werden, und die \u00fcbrigen Bestimmungen bleiben in vollem Umfang in Kraft und wirksam.<\/p>\n<p><strong>Verzicht<\/strong><\/p>\n<p>Sofern hierin nichts anderes bestimmt ist, hat das Vers\u00e4umnis, ein Recht auszu\u00fcben oder die Erf\u00fcllung einer Verpflichtung gem\u00e4\u00df diesen Bedingungen zu verlangen, keine Auswirkung auf die F\u00e4higkeit einer Partei, ein solches Recht auszu\u00fcben oder eine solche Erf\u00fcllung zu einem sp\u00e4teren Zeitpunkt zu verlangen, noch stellt der Verzicht auf einen Versto\u00df einen Verzicht auf einen sp\u00e4teren Versto\u00df dar.<\/p>\n<p><strong>\u00dcbersetzung Interpretation<\/strong><\/p>\n<p>Diese Allgemeinen Gesch\u00e4ftsbedingungen k\u00f6nnen \u00fcbersetzt worden sein, wenn wir sie Ihnen in unserem Service zur Verf\u00fcgung gestellt haben. Sie erkl\u00e4ren sich damit einverstanden, dass im Falle eines Rechtsstreits der englische Originaltext ma\u00dfgebend ist.<\/p>\n<p><strong>\u00c4nderungen dieser Bedingungen und Konditionen<\/strong><\/p>\n<p>Wir behalten uns das Recht vor, diese Bedingungen nach unserem alleinigen Ermessen jederzeit zu \u00e4ndern oder zu ersetzen. Wenn eine \u00c4nderung wesentlich ist, werden wir uns in angemessener Weise bem\u00fchen, Sie mindestens 30 Tage vor dem Inkrafttreten der neuen Bedingungen zu informieren. Was eine wesentliche \u00c4nderung darstellt, wird nach unserem alleinigen Ermessen bestimmt.<\/p>\n<p>Indem Sie nach Inkrafttreten dieser \u00c4nderungen weiterhin auf unseren Service zugreifen oder ihn nutzen, erkl\u00e4ren Sie sich mit den \u00fcberarbeiteten Bedingungen einverstanden. Wenn Sie mit den neuen Bedingungen ganz oder teilweise nicht einverstanden sind, beenden Sie bitte die Nutzung der Website und des Dienstes.<\/p>\n<h3>Kontaktieren Sie uns<\/h3>\n<p>Wenn Sie Fragen zu diesen Bedingungen haben, k\u00f6nnen Sie uns kontaktieren:<\/p>\n<ul>\n<li>Per E-Mail: storefitting@pospiech-usa.com<\/li>\n<li>Durch den Besuch dieser Seite auf unserer Website: <a href=\"http:\/\/pospiech-usa.com\/#contact\">http:\/\/pospiech-usa.com\/#contact<\/a><\/li>\n<li>Per Telefon: +1 540-736-3057<\/li>\n<li>Per Post: 1320 Central Park Blvd, Suite 200 Fredericksburg, VA 22401, Vereinigte Staaten<\/li>\n<\/ul>\n<h3>Informationen zum Urheberrecht<\/h3>\n<p><strong>Fotografien:<\/strong> Florian Welz photography<br \/>\n<strong>Model:<\/strong> Aaron Reed, Julian Kruschke<br \/>\n<strong>Logo:<\/strong> HETTENBACH GMBH &amp; CO KG WERBEAGENTUR GWA<br \/>\n<strong>Website:<\/strong> HETTENBACH GMBH &amp; CO KG WERBEAGENTUR GWA<br \/>\n<strong>Text:<\/strong> Pospiech GmbH<\/p>\n","protected":false},"excerpt":{"rendered":"<p>Impressum Angaben gem\u00e4\u00df \u00a7 5 DDG Martin Pospiech Central Park Blvd., Suite 200 VA 22401 Fredericksburg, USA Kontakt Telefon: +1 540-736-3057 Telefax: +1 540-736-3057 E-Mail: storefitting@pospiech-usa.com Verbraucher\u00adstreit\u00adbeilegung\/Universal\u00adschlichtungs\u00adstelle Wir sind nicht bereit oder verpflichtet, an Streitbeilegungsverfahren vor einer Verbraucherschlichtungsstelle teilzunehmen. Haftung f\u00fcr Inhalte Als Diensteanbieter sind wir gem\u00e4\u00df \u00a7 7 Abs.1 DDG f\u00fcr eigene Inhalte auf  [&#8230;]<\/p>\n","protected":false},"author":1,"featured_media":0,"parent":0,"menu_order":0,"comment_status":"closed","ping_status":"closed","template":"","meta":{"footnotes":""},"class_list":["post-388","page","type-page","status-publish","hentry"],"yoast_head":"<!-- This site is optimized with the Yoast SEO plugin v26.1.1 - https:\/\/yoast.com\/wordpress\/plugins\/seo\/ -->\n<title>Impressum - Pospiech USA<\/title>\n<meta name=\"robots\" content=\"index, follow, max-snippet:-1, max-image-preview:large, max-video-preview:-1\" \/>\n<link rel=\"canonical\" href=\"https:\/\/pospiech-usa.com\/de\/impressum\/\" \/>\n<meta property=\"og:locale\" content=\"de_DE\" \/>\n<meta property=\"og:type\" content=\"article\" \/>\n<meta property=\"og:title\" content=\"Impressum - Pospiech USA\" \/>\n<meta property=\"og:description\" content=\"Impressum Angaben gem\u00e4\u00df \u00a7 5 DDG Martin Pospiech Central Park Blvd., Suite 200 VA 22401 Fredericksburg, USA Kontakt Telefon: +1 540-736-3057 Telefax: +1 540-736-3057 E-Mail: storefitting@pospiech-usa.com Verbraucher\u00adstreit\u00adbeilegung\/Universal\u00adschlichtungs\u00adstelle Wir sind nicht bereit oder verpflichtet, an Streitbeilegungsverfahren vor einer Verbraucherschlichtungsstelle teilzunehmen. Haftung f\u00fcr Inhalte Als Diensteanbieter sind wir gem\u00e4\u00df \u00a7 7 Abs.1 DDG f\u00fcr eigene Inhalte auf [...]\" \/>\n<meta property=\"og:url\" content=\"https:\/\/pospiech-usa.com\/de\/impressum\/\" \/>\n<meta property=\"og:site_name\" content=\"Pospiech USA\" \/>\n<meta property=\"article:modified_time\" content=\"2024-06-20T06:51:37+00:00\" \/>\n<meta name=\"twitter:card\" content=\"summary_large_image\" \/>\n<meta name=\"twitter:label1\" content=\"Gesch\u00e4tzte Lesezeit\" \/>\n\t<meta name=\"twitter:data1\" content=\"9\u00a0Minuten\" \/>\n<script type=\"application\/ld+json\" class=\"yoast-schema-graph\">{\"@context\":\"https:\/\/schema.org\",\"@graph\":[{\"@type\":\"WebPage\",\"@id\":\"https:\/\/pospiech-usa.com\/de\/impressum\/\",\"url\":\"https:\/\/pospiech-usa.com\/de\/impressum\/\",\"name\":\"Impressum - Pospiech USA\",\"isPartOf\":{\"@id\":\"https:\/\/pospiech-usa.com\/#website\"},\"datePublished\":\"2020-11-23T10:48:28+00:00\",\"dateModified\":\"2024-06-20T06:51:37+00:00\",\"breadcrumb\":{\"@id\":\"https:\/\/pospiech-usa.com\/de\/impressum\/#breadcrumb\"},\"inLanguage\":\"de\",\"potentialAction\":[{\"@type\":\"ReadAction\",\"target\":[\"https:\/\/pospiech-usa.com\/de\/impressum\/\"]}]},{\"@type\":\"BreadcrumbList\",\"@id\":\"https:\/\/pospiech-usa.com\/de\/impressum\/#breadcrumb\",\"itemListElement\":[{\"@type\":\"ListItem\",\"position\":1,\"name\":\"Home\",\"item\":\"https:\/\/pospiech-usa.com\/de\/\"},{\"@type\":\"ListItem\",\"position\":2,\"name\":\"Impressum\"}]},{\"@type\":\"WebSite\",\"@id\":\"https:\/\/pospiech-usa.com\/#website\",\"url\":\"https:\/\/pospiech-usa.com\/\",\"name\":\"Pospiech USA\",\"description\":\"We create the point of sale\",\"potentialAction\":[{\"@type\":\"SearchAction\",\"target\":{\"@type\":\"EntryPoint\",\"urlTemplate\":\"https:\/\/pospiech-usa.com\/?s={search_term_string}\"},\"query-input\":{\"@type\":\"PropertyValueSpecification\",\"valueRequired\":true,\"valueName\":\"search_term_string\"}}],\"inLanguage\":\"de\"}]}<\/script>\n<!-- \/ Yoast SEO plugin. -->","yoast_head_json":{"title":"Impressum - Pospiech USA","robots":{"index":"index","follow":"follow","max-snippet":"max-snippet:-1","max-image-preview":"max-image-preview:large","max-video-preview":"max-video-preview:-1"},"canonical":"https:\/\/pospiech-usa.com\/de\/impressum\/","og_locale":"de_DE","og_type":"article","og_title":"Impressum - Pospiech USA","og_description":"Impressum Angaben gem\u00e4\u00df \u00a7 5 DDG Martin Pospiech Central Park Blvd., Suite 200 VA 22401 Fredericksburg, USA Kontakt Telefon: +1 540-736-3057 Telefax: +1 540-736-3057 E-Mail: storefitting@pospiech-usa.com Verbraucher\u00adstreit\u00adbeilegung\/Universal\u00adschlichtungs\u00adstelle Wir sind nicht bereit oder verpflichtet, an Streitbeilegungsverfahren vor einer Verbraucherschlichtungsstelle teilzunehmen. Haftung f\u00fcr Inhalte Als Diensteanbieter sind wir gem\u00e4\u00df \u00a7 7 Abs.1 DDG f\u00fcr eigene Inhalte auf [...]","og_url":"https:\/\/pospiech-usa.com\/de\/impressum\/","og_site_name":"Pospiech USA","article_modified_time":"2024-06-20T06:51:37+00:00","twitter_card":"summary_large_image","twitter_misc":{"Gesch\u00e4tzte Lesezeit":"9\u00a0Minuten"},"schema":{"@context":"https:\/\/schema.org","@graph":[{"@type":"WebPage","@id":"https:\/\/pospiech-usa.com\/de\/impressum\/","url":"https:\/\/pospiech-usa.com\/de\/impressum\/","name":"Impressum - Pospiech USA","isPartOf":{"@id":"https:\/\/pospiech-usa.com\/#website"},"datePublished":"2020-11-23T10:48:28+00:00","dateModified":"2024-06-20T06:51:37+00:00","breadcrumb":{"@id":"https:\/\/pospiech-usa.com\/de\/impressum\/#breadcrumb"},"inLanguage":"de","potentialAction":[{"@type":"ReadAction","target":["https:\/\/pospiech-usa.com\/de\/impressum\/"]}]},{"@type":"BreadcrumbList","@id":"https:\/\/pospiech-usa.com\/de\/impressum\/#breadcrumb","itemListElement":[{"@type":"ListItem","position":1,"name":"Home","item":"https:\/\/pospiech-usa.com\/de\/"},{"@type":"ListItem","position":2,"name":"Impressum"}]},{"@type":"WebSite","@id":"https:\/\/pospiech-usa.com\/#website","url":"https:\/\/pospiech-usa.com\/","name":"Pospiech USA","description":"We create the point of sale","potentialAction":[{"@type":"SearchAction","target":{"@type":"EntryPoint","urlTemplate":"https:\/\/pospiech-usa.com\/?s={search_term_string}"},"query-input":{"@type":"PropertyValueSpecification","valueRequired":true,"valueName":"search_term_string"}}],"inLanguage":"de"}]}},"_links":{"self":[{"href":"https:\/\/pospiech-usa.com\/de\/wp-json\/wp\/v2\/pages\/388","targetHints":{"allow":["GET"]}}],"collection":[{"href":"https:\/\/pospiech-usa.com\/de\/wp-json\/wp\/v2\/pages"}],"about":[{"href":"https:\/\/pospiech-usa.com\/de\/wp-json\/wp\/v2\/types\/page"}],"author":[{"embeddable":true,"href":"https:\/\/pospiech-usa.com\/de\/wp-json\/wp\/v2\/users\/1"}],"replies":[{"embeddable":true,"href":"https:\/\/pospiech-usa.com\/de\/wp-json\/wp\/v2\/comments?post=388"}],"version-history":[{"count":17,"href":"https:\/\/pospiech-usa.com\/de\/wp-json\/wp\/v2\/pages\/388\/revisions"}],"predecessor-version":[{"id":3041,"href":"https:\/\/pospiech-usa.com\/de\/wp-json\/wp\/v2\/pages\/388\/revisions\/3041"}],"wp:attachment":[{"href":"https:\/\/pospiech-usa.com\/de\/wp-json\/wp\/v2\/media?parent=388"}],"curies":[{"name":"wp","href":"https:\/\/api.w.org\/{rel}","templated":true}]}}